{"id":1829,"date":"2025-02-05T23:31:09","date_gmt":"2025-02-05T22:31:09","guid":{"rendered":"https:\/\/xn--pongcityespaa-tkb.es\/?page_id=1829"},"modified":"2025-03-04T23:02:03","modified_gmt":"2025-03-04T22:02:03","slug":"conocenos","status":"publish","type":"page","link":"https:\/\/xn--pongcityespaa-tkb.es\/en\/conocenos\/","title":{"rendered":"About us"},"content":{"rendered":"<div data-elementor-type=\"wp-page\" data-elementor-id=\"1829\" class=\"elementor elementor-1829\" data-elementor-post-type=\"page\">\n\t\t\t\t<div class=\"elementor-element elementor-element-cb147f3 e-con-full e-flex e-con e-parent\" data-id=\"cb147f3\" data-element_type=\"container\" data-settings=\"{&quot;background_background&quot;:&quot;classic&quot;}\">\n\t\t\t\t<div class=\"elementor-element elementor-element-e58f285 elementor-widget__width-initial elementor-widget elementor-widget-heading\" data-id=\"e58f285\" data-element_type=\"widget\" data-widget_type=\"heading.default\">\n\t\t\t\t\t<h1 class=\"elementor-heading-title elementor-size-default\">About us<\/h1>\t\t\t\t<\/div>\n\t\t\t\t<div class=\"elementor-element elementor-element-06498ad elementor-widget__width-initial elementor-widget-mobile__width-inherit elementor-widget elementor-widget-text-editor\" data-id=\"06498ad\" data-element_type=\"widget\" data-widget_type=\"text-editor.default\">\n\t\t\t\t\t\t\t\t\t<p>At Pongcity, table tennis is more than a sport: it is our passion and the engine that drives us every day.<\/p>\t\t\t\t\t\t\t\t<\/div>\n\t\t\t\t<\/div>\n\t\t<div class=\"elementor-element elementor-element-9b077e1 e-con-full e-flex e-con e-parent\" data-id=\"9b077e1\" data-element_type=\"container\" data-settings=\"{&quot;background_background&quot;:&quot;classic&quot;}\">\n\t\t\t\t<div class=\"elementor-element elementor-element-beeac77 elementor-widget elementor-widget-heading\" data-id=\"beeac77\" data-element_type=\"widget\" data-widget_type=\"heading.default\">\n\t\t\t\t\t<h1 class=\"elementor-heading-title elementor-size-default\">\ud83c\udfafOur Mission<\/h1>\t\t\t\t<\/div>\n\t\t\t\t<div class=\"elementor-element elementor-element-ddf2233 elementor-widget__width-initial elementor-widget-mobile__width-inherit elementor-widget elementor-widget-text-editor\" data-id=\"ddf2233\" data-element_type=\"widget\" data-widget_type=\"text-editor.default\">\n\t\t\t\t\t\t\t\t\t<p>To promote table tennis as an accessible, formative and competitive sport, offering quality training in an environment that motivates continuous improvement and enjoyment of the game. Through our locations in Spain, we promote well-being, fellowship and multiculturalism, creating a community united by fair play and respect.<\/p>\t\t\t\t\t\t\t\t<\/div>\n\t\t\t\t<\/div>\n\t\t<div class=\"elementor-element elementor-element-2bee184 e-flex e-con-boxed e-con e-parent\" data-id=\"2bee184\" data-element_type=\"container\">\n\t\t\t\t\t<div class=\"e-con-inner\">\n\t\t<div class=\"elementor-element elementor-element-1c1fa35 e-con-full e-flex e-con e-child\" data-id=\"1c1fa35\" data-element_type=\"container\">\n\t\t\t\t<div class=\"elementor-element elementor-element-afc02a9 elementor-widget elementor-widget-image\" data-id=\"afc02a9\" data-element_type=\"widget\" data-widget_type=\"image.default\">\n\t\t\t\t\t\t\t\t\t\t\t\t\t\t\t<img fetchpriority=\"high\" decoding=\"async\" width=\"800\" height=\"352\" src=\"https:\/\/xn--pongcityespaa-tkb.es\/wp-content\/uploads\/foto-familia-1024x451.png\" class=\"attachment-large size-large wp-image-2514\" alt=\"\" srcset=\"https:\/\/xn--pongcityespaa-tkb.es\/wp-content\/uploads\/foto-familia-1024x451.png 1024w, https:\/\/xn--pongcityespaa-tkb.es\/wp-content\/uploads\/foto-familia-300x132.png 300w, https:\/\/xn--pongcityespaa-tkb.es\/wp-content\/uploads\/foto-familia-768x338.png 768w, https:\/\/xn--pongcityespaa-tkb.es\/wp-content\/uploads\/foto-familia-1536x676.png 1536w, https:\/\/xn--pongcityespaa-tkb.es\/wp-content\/uploads\/foto-familia.png 1920w\" sizes=\"(max-width: 800px) 100vw, 800px\" \/>\t\t\t\t\t\t\t\t\t\t\t\t\t\t\t<\/div>\n\t\t\t\t<\/div>\n\t\t\t\t\t<\/div>\n\t\t\t\t<\/div>\n\t\t<div class=\"elementor-element elementor-element-21c1073f e-con-full e-flex e-con e-parent\" data-id=\"21c1073f\" data-element_type=\"container\" data-settings=\"{&quot;background_background&quot;:&quot;classic&quot;}\">\n\t\t\t\t<div class=\"elementor-element elementor-element-65115fd elementor-widget elementor-widget-heading\" data-id=\"65115fd\" data-element_type=\"widget\" data-widget_type=\"heading.default\">\n\t\t\t\t\t<h1 class=\"elementor-heading-title elementor-size-default\">\ud83d\ude80 Our Vision<\/h1>\t\t\t\t<\/div>\n\t\t\t\t<div class=\"elementor-element elementor-element-32d07681 elementor-widget__width-initial elementor-widget-mobile__width-inherit elementor-widget elementor-widget-text-editor\" data-id=\"32d07681\" data-element_type=\"widget\" data-widget_type=\"text-editor.default\">\n\t\t\t\t\t\t\t\t\t<p>To become the table tennis club of reference in Spain, expanding our presence and consolidating ourselves as a meeting place for athletes of all ages and cultures. We aspire to train talents, enhance sportsmanship and be a pillar in the promotion of table tennis as an accessible, dynamic and exciting sport.<\/p>\t\t\t\t\t\t\t\t<\/div>\n\t\t\t\t<\/div>\n\t\t<div class=\"elementor-element elementor-element-064765d e-flex e-con-boxed e-con e-parent\" data-id=\"064765d\" data-element_type=\"container\">\n\t\t\t\t\t<div class=\"e-con-inner\">\n\t\t<div class=\"elementor-element elementor-element-7447076 e-grid e-con-full e-con e-child\" data-id=\"7447076\" data-element_type=\"container\">\n\t\t\t\t<div class=\"elementor-element elementor-element-85ef838 elementor-widget elementor-widget-image\" data-id=\"85ef838\" data-element_type=\"widget\" data-widget_type=\"image.default\">\n\t\t\t\t\t\t\t\t\t\t\t\t\t\t\t<img decoding=\"async\" width=\"800\" height=\"800\" src=\"https:\/\/xn--pongcityespaa-tkb.es\/wp-content\/uploads\/4-3-1024x1024.png\" class=\"attachment-large size-large wp-image-2444\" alt=\"\" srcset=\"https:\/\/xn--pongcityespaa-tkb.es\/wp-content\/uploads\/4-3-1024x1024.png 1024w, https:\/\/xn--pongcityespaa-tkb.es\/wp-content\/uploads\/4-3-300x300.png 300w, https:\/\/xn--pongcityespaa-tkb.es\/wp-content\/uploads\/4-3-150x150.png 150w, https:\/\/xn--pongcityespaa-tkb.es\/wp-content\/uploads\/4-3-768x768.png 768w, https:\/\/xn--pongcityespaa-tkb.es\/wp-content\/uploads\/4-3.png 1080w\" sizes=\"(max-width: 800px) 100vw, 800px\" \/>\t\t\t\t\t\t\t\t\t\t\t\t\t\t\t<\/div>\n\t\t\t\t<div class=\"elementor-element elementor-element-0da3970 elementor-widget elementor-widget-image\" data-id=\"0da3970\" data-element_type=\"widget\" data-widget_type=\"image.default\">\n\t\t\t\t\t\t\t\t\t\t\t\t\t\t\t<img decoding=\"async\" width=\"800\" height=\"800\" src=\"https:\/\/xn--pongcityespaa-tkb.es\/wp-content\/uploads\/1-1-1024x1024.png\" class=\"attachment-large size-large wp-image-2441\" alt=\"\" srcset=\"https:\/\/xn--pongcityespaa-tkb.es\/wp-content\/uploads\/1-1-1024x1024.png 1024w, https:\/\/xn--pongcityespaa-tkb.es\/wp-content\/uploads\/1-1-300x300.png 300w, https:\/\/xn--pongcityespaa-tkb.es\/wp-content\/uploads\/1-1-150x150.png 150w, https:\/\/xn--pongcityespaa-tkb.es\/wp-content\/uploads\/1-1-768x768.png 768w, https:\/\/xn--pongcityespaa-tkb.es\/wp-content\/uploads\/1-1.png 1080w\" sizes=\"(max-width: 800px) 100vw, 800px\" \/>\t\t\t\t\t\t\t\t\t\t\t\t\t\t\t<\/div>\n\t\t\t\t<div class=\"elementor-element elementor-element-b253f74 elementor-widget elementor-widget-image\" data-id=\"b253f74\" data-element_type=\"widget\" data-widget_type=\"image.default\">\n\t\t\t\t\t\t\t\t\t\t\t\t\t\t\t<img loading=\"lazy\" decoding=\"async\" width=\"800\" height=\"800\" src=\"https:\/\/xn--pongcityespaa-tkb.es\/wp-content\/uploads\/2-3-1024x1024.png\" class=\"attachment-large size-large wp-image-2442\" alt=\"\" srcset=\"https:\/\/xn--pongcityespaa-tkb.es\/wp-content\/uploads\/2-3-1024x1024.png 1024w, https:\/\/xn--pongcityespaa-tkb.es\/wp-content\/uploads\/2-3-300x300.png 300w, https:\/\/xn--pongcityespaa-tkb.es\/wp-content\/uploads\/2-3-150x150.png 150w, https:\/\/xn--pongcityespaa-tkb.es\/wp-content\/uploads\/2-3-768x768.png 768w, https:\/\/xn--pongcityespaa-tkb.es\/wp-content\/uploads\/2-3.png 1080w\" sizes=\"(max-width: 800px) 100vw, 800px\" \/>\t\t\t\t\t\t\t\t\t\t\t\t\t\t\t<\/div>\n\t\t\t\t<div class=\"elementor-element elementor-element-b1159d0 elementor-widget elementor-widget-image\" data-id=\"b1159d0\" data-element_type=\"widget\" data-widget_type=\"image.default\">\n\t\t\t\t\t\t\t\t\t\t\t\t\t\t\t<img loading=\"lazy\" decoding=\"async\" width=\"800\" height=\"800\" src=\"https:\/\/xn--pongcityespaa-tkb.es\/wp-content\/uploads\/3-3-1024x1024.png\" class=\"attachment-large size-large wp-image-2443\" alt=\"\" srcset=\"https:\/\/xn--pongcityespaa-tkb.es\/wp-content\/uploads\/3-3-1024x1024.png 1024w, https:\/\/xn--pongcityespaa-tkb.es\/wp-content\/uploads\/3-3-300x300.png 300w, https:\/\/xn--pongcityespaa-tkb.es\/wp-content\/uploads\/3-3-150x150.png 150w, https:\/\/xn--pongcityespaa-tkb.es\/wp-content\/uploads\/3-3-768x768.png 768w, https:\/\/xn--pongcityespaa-tkb.es\/wp-content\/uploads\/3-3.png 1080w\" sizes=\"(max-width: 800px) 100vw, 800px\" \/>\t\t\t\t\t\t\t\t\t\t\t\t\t\t\t<\/div>\n\t\t\t\t<div class=\"elementor-element elementor-element-da5e9a3 elementor-widget elementor-widget-image\" data-id=\"da5e9a3\" data-element_type=\"widget\" data-widget_type=\"image.default\">\n\t\t\t\t\t\t\t\t\t\t\t\t\t\t\t<img loading=\"lazy\" decoding=\"async\" width=\"800\" height=\"800\" src=\"https:\/\/xn--pongcityespaa-tkb.es\/wp-content\/uploads\/6-2-1024x1024.png\" class=\"attachment-large size-large wp-image-2446\" alt=\"\" srcset=\"https:\/\/xn--pongcityespaa-tkb.es\/wp-content\/uploads\/6-2-1024x1024.png 1024w, https:\/\/xn--pongcityespaa-tkb.es\/wp-content\/uploads\/6-2-300x300.png 300w, https:\/\/xn--pongcityespaa-tkb.es\/wp-content\/uploads\/6-2-150x150.png 150w, https:\/\/xn--pongcityespaa-tkb.es\/wp-content\/uploads\/6-2-768x768.png 768w, https:\/\/xn--pongcityespaa-tkb.es\/wp-content\/uploads\/6-2.png 1080w\" sizes=\"(max-width: 800px) 100vw, 800px\" \/>\t\t\t\t\t\t\t\t\t\t\t\t\t\t\t<\/div>\n\t\t\t\t<div class=\"elementor-element elementor-element-622dae8 elementor-widget elementor-widget-image\" data-id=\"622dae8\" data-element_type=\"widget\" data-widget_type=\"image.default\">\n\t\t\t\t\t\t\t\t\t\t\t\t\t\t\t<img loading=\"lazy\" decoding=\"async\" width=\"800\" height=\"800\" src=\"https:\/\/xn--pongcityespaa-tkb.es\/wp-content\/uploads\/5-2-1024x1024.png\" class=\"attachment-large size-large wp-image-2445\" alt=\"\" srcset=\"https:\/\/xn--pongcityespaa-tkb.es\/wp-content\/uploads\/5-2-1024x1024.png 1024w, https:\/\/xn--pongcityespaa-tkb.es\/wp-content\/uploads\/5-2-300x300.png 300w, https:\/\/xn--pongcityespaa-tkb.es\/wp-content\/uploads\/5-2-150x150.png 150w, https:\/\/xn--pongcityespaa-tkb.es\/wp-content\/uploads\/5-2-768x768.png 768w, https:\/\/xn--pongcityespaa-tkb.es\/wp-content\/uploads\/5-2.png 1080w\" sizes=\"(max-width: 800px) 100vw, 800px\" \/>\t\t\t\t\t\t\t\t\t\t\t\t\t\t\t<\/div>\n\t\t\t\t<\/div>\n\t\t\t\t\t<\/div>\n\t\t\t\t<\/div>\n\t\t<div class=\"elementor-element elementor-element-3ca1cf5 e-flex e-con-boxed e-con e-parent\" data-id=\"3ca1cf5\" data-element_type=\"container\">\n\t\t\t\t\t<div class=\"e-con-inner\">\n\t\t\t\t<div class=\"elementor-element elementor-element-f25995c elementor-headline--style-rotate elementor-widget elementor-widget-animated-headline\" data-id=\"f25995c\" data-element_type=\"widget\" data-settings=\"{&quot;headline_style&quot;:&quot;rotate&quot;,&quot;rotating_text&quot;:&quot;Pongcity?&quot;,&quot;animation_type&quot;:&quot;typing&quot;,&quot;loop&quot;:&quot;yes&quot;,&quot;rotate_iteration_delay&quot;:2500}\" data-widget_type=\"animated-headline.default\">\n\t\t\t\t\t\t\t<h1 class=\"elementor-headline elementor-headline-animation-type-typing elementor-headline-letters\">\n\t\t\t\t\t<span class=\"elementor-headline-plain-text elementor-headline-text-wrapper\">What are you waiting for to join<\/span>\n\t\t\t\t<span class=\"elementor-headline-dynamic-wrapper elementor-headline-text-wrapper\">\n\t\t\t\t\t<span class=\"elementor-headline-dynamic-text elementor-headline-text-active\">\n\t\t\t\tPongcity?\t\t\t<\/span>\n\t\t\t\t\t\t<\/span>\n\t\t\t\t<\/h1>\n\t\t\t\t\t\t<\/div>\n\t\t\t\t\t<\/div>\n\t\t\t\t<\/div>\n\t\t<div class=\"elementor-element elementor-element-dba627a e-flex e-con-boxed e-con e-parent\" data-id=\"dba627a\" data-element_type=\"container\">\n\t\t\t\t\t<div class=\"e-con-inner\">\n\t\t\t\t<div class=\"elementor-element elementor-element-1990553 elementor-button-align-stretch elementor-widget elementor-widget-form\" data-id=\"1990553\" data-element_type=\"widget\" data-settings=\"{&quot;step_next_label&quot;:&quot;Siguiente&quot;,&quot;step_previous_label&quot;:&quot;Anterior&quot;,&quot;button_width&quot;:&quot;100&quot;,&quot;step_type&quot;:&quot;number_text&quot;,&quot;step_icon_shape&quot;:&quot;circle&quot;}\" data-widget_type=\"form.default\">\n\t\t\t\t\t\t\t<form class=\"elementor-form\" method=\"post\" name=\"Formulario Pongcity\" action=\"\">\n\t\t\t<input type=\"hidden\" name=\"post_id\" value=\"1829\"\/>\n\t\t\t<input type=\"hidden\" name=\"form_id\" value=\"1990553\"\/>\n\t\t\t<input type=\"hidden\" name=\"referer_title\" value=\"Con\u00f3cenos - Pong City\" \/>\n\n\t\t\t\t\t\t\t<input type=\"hidden\" name=\"queried_id\" value=\"1829\"\/>\n\t\t\t\n\t\t\t<div class=\"elementor-form-fields-wrapper elementor-labels-above\">\n\t\t\t\t\t\t\t\t<div class=\"elementor-field-type-text elementor-field-group elementor-column elementor-field-group-name elementor-col-100\">\n\t\t\t\t\t\t\t\t\t\t\t\t<label for=\"form-field-name\" class=\"elementor-field-label\">\n\t\t\t\t\t\t\t\tName\t\t\t\t\t\t\t<\/label>\n\t\t\t\t\t\t\t\t\t\t\t\t\t\t<input size=\"1\" type=\"text\" name=\"form_fields[name]\" id=\"form-field-name\" class=\"elementor-field elementor-size-sm  elementor-field-textual\" placeholder=\"Name\">\n\t\t\t\t\t\t\t\t\t\t\t<\/div>\n\t\t\t\t\t\t\t\t<div class=\"elementor-field-type-text elementor-field-group elementor-column elementor-field-group-field_6a76531 elementor-col-100\">\n\t\t\t\t\t\t\t\t\t\t\t\t<label for=\"form-field-field_6a76531\" class=\"elementor-field-label\">\n\t\t\t\t\t\t\t\tLastname\t\t\t\t\t\t\t<\/label>\n\t\t\t\t\t\t\t\t\t\t\t\t\t\t<input size=\"1\" type=\"text\" name=\"form_fields[field_6a76531]\" id=\"form-field-field_6a76531\" class=\"elementor-field elementor-size-sm  elementor-field-textual\" placeholder=\"Lastname\">\n\t\t\t\t\t\t\t\t\t\t\t<\/div>\n\t\t\t\t\t\t\t\t<div class=\"elementor-field-type-email elementor-field-group elementor-column elementor-field-group-email elementor-col-100 elementor-field-required\">\n\t\t\t\t\t\t\t\t\t\t\t\t<label for=\"form-field-email\" class=\"elementor-field-label\">\n\t\t\t\t\t\t\t\tEmail\t\t\t\t\t\t\t<\/label>\n\t\t\t\t\t\t\t\t\t\t\t\t\t\t<input size=\"1\" type=\"email\" name=\"form_fields[email]\" id=\"form-field-email\" class=\"elementor-field elementor-size-sm  elementor-field-textual\" placeholder=\"Email\" required=\"required\">\n\t\t\t\t\t\t\t\t\t\t\t<\/div>\n\t\t\t\t\t\t\t\t<div class=\"elementor-field-type-text elementor-field-group elementor-column elementor-field-group-field_bb0c198 elementor-col-100\">\n\t\t\t\t\t\t\t\t\t\t\t\t<label for=\"form-field-field_bb0c198\" class=\"elementor-field-label\">\n\t\t\t\t\t\t\t\tSite\t\t\t\t\t\t\t<\/label>\n\t\t\t\t\t\t\t\t\t\t\t\t\t\t<input size=\"1\" type=\"text\" name=\"form_fields[field_bb0c198]\" id=\"form-field-field_bb0c198\" class=\"elementor-field elementor-size-sm  elementor-field-textual\" placeholder=\"E.g. Valencia\">\n\t\t\t\t\t\t\t\t\t\t\t<\/div>\n\t\t\t\t\t\t\t\t<div class=\"elementor-field-type-textarea elementor-field-group elementor-column elementor-field-group-message elementor-col-100\">\n\t\t\t\t\t\t\t\t\t\t\t\t<label for=\"form-field-message\" class=\"elementor-field-label\">\n\t\t\t\t\t\t\t\tMessage\t\t\t\t\t\t\t<\/label>\n\t\t\t\t\t\t<textarea class=\"elementor-field-textual elementor-field  elementor-size-sm\" name=\"form_fields[message]\" id=\"form-field-message\" rows=\"4\" placeholder=\"Message\"><\/textarea>\t\t\t\t<\/div>\n\t\t\t\t\t\t\t\t<div class=\"elementor-field-group elementor-column elementor-field-type-submit elementor-col-100 e-form__buttons\">\n\t\t\t\t\t<button class=\"elementor-button elementor-size-sm\" type=\"submit\">\n\t\t\t\t\t\t<span class=\"elementor-button-content-wrapper\">\n\t\t\t\t\t\t\t\t\t\t\t\t\t\t\t<span class=\"elementor-button-icon\">\n\t\t\t\t\t\t\t\t\t<svg aria-hidden=\"true\" class=\"e-font-icon-svg e-far-envelope\" viewbox=\"0 0 512 512\" xmlns=\"http:\/\/www.w3.org\/2000\/svg\"><path d=\"M464 64H48C21.49 64 0 85.49 0 112v288c0 26.51 21.49 48 48 48h416c26.51 0 48-21.49 48-48V112c0-26.51-21.49-48-48-48zm0 48v40.805c-22.422 18.259-58.168 46.651-134.587 106.49-16.841 13.247-50.201 45.072-73.413 44.701-23.208.375-56.579-31.459-73.413-44.701C106.18 199.465 70.425 171.067 48 152.805V112h416zM48 400V214.398c22.914 18.251 55.409 43.862 104.938 82.646 21.857 17.205 60.134 55.186 103.062 54.955 42.717.231 80.509-37.199 103.053-54.947 49.528-38.783 82.032-64.401 104.947-82.653V400H48z\"><\/path><\/svg>\t\t\t\t\t\t\t\t\t\t\t\t\t\t\t\t\t<\/span>\n\t\t\t\t\t\t\t\t\t\t\t\t\t\t\t\t\t\t\t\t\t\t<span class=\"elementor-button-text\">Send<\/span>\n\t\t\t\t\t\t\t\t\t\t\t\t\t<\/span>\n\t\t\t\t\t<\/button>\n\t\t\t\t<\/div>\n\t\t\t<\/div>\n\t\t<input type=\"hidden\" name=\"trp-form-language\" value=\"en\"\/><\/form>\n\t\t\t\t\t\t<\/div>\n\t\t\t\t\t<\/div>\n\t\t\t\t<\/div>\n\t\t\t\t<\/div>","protected":false},"excerpt":{"rendered":"<p>Con\u00f3cenos En Pongcity, el tenis de mesa es m\u00e1s que un deporte: es nuestra pasi\u00f3n y el motor que nos impulsa cada d\u00eda. \ud83c\udfaf Nuestra Misi\u00f3n Fomentar el tenis de mesa como un deporte accesible, formativo y competitivo, ofreciendo entrenamientos de calidad en un entorno que motive a la mejora continua y al disfrute del [&hellip;]<\/p>","protected":false},"author":1,"featured_media":0,"parent":0,"menu_order":0,"comment_status":"closed","ping_status":"closed","template":"elementor_header_footer","meta":{"footnotes":""},"class_list":["post-1829","page","type-page","status-publish","hentry"],"yoast_head":"<!-- This site is optimized with the Yoast SEO plugin v24.6 - https:\/\/yoast.com\/wordpress\/plugins\/seo\/ -->\n<title>Con\u00f3cenos - Pong City<\/title>\n<meta name=\"robots\" content=\"index, follow, max-snippet:-1, max-image-preview:large, max-video-preview:-1\" \/>\n<link rel=\"canonical\" href=\"https:\/\/xn--pongcityespaa-tkb.es\/en\/conocenos\/\" \/>\n<meta property=\"og:locale\" content=\"en_US\" \/>\n<meta property=\"og:type\" content=\"article\" \/>\n<meta property=\"og:title\" content=\"Con\u00f3cenos - Pong City\" \/>\n<meta property=\"og:description\" content=\"Con\u00f3cenos En Pongcity, el tenis de mesa es m\u00e1s que un deporte: es nuestra pasi\u00f3n y el motor que nos impulsa cada d\u00eda. \ud83c\udfaf Nuestra Misi\u00f3n Fomentar el tenis de mesa como un deporte accesible, formativo y competitivo, ofreciendo entrenamientos de calidad en un entorno que motive a la mejora continua y al disfrute del [&hellip;]\" \/>\n<meta property=\"og:url\" content=\"https:\/\/xn--pongcityespaa-tkb.es\/en\/conocenos\/\" \/>\n<meta property=\"og:site_name\" content=\"Pong City\" \/>\n<meta property=\"article:modified_time\" content=\"2025-03-04T22:02:03+00:00\" \/>\n<meta property=\"og:image\" content=\"https:\/\/xn--pongcityespaa-tkb.es\/wp-content\/uploads\/foto-familia.png\" \/>\n\t<meta property=\"og:image:width\" content=\"1920\" \/>\n\t<meta property=\"og:image:height\" content=\"845\" \/>\n\t<meta property=\"og:image:type\" content=\"image\/png\" \/>\n<meta name=\"twitter:card\" content=\"summary_large_image\" \/>\n<script type=\"application\/ld+json\" class=\"yoast-schema-graph\">{\"@context\":\"https:\/\/schema.org\",\"@graph\":[{\"@type\":\"WebPage\",\"@id\":\"https:\/\/xn--pongcityespaa-tkb.es\/conocenos\/\",\"url\":\"https:\/\/xn--pongcityespaa-tkb.es\/conocenos\/\",\"name\":\"Con\u00f3cenos - Pong City\",\"isPartOf\":{\"@id\":\"https:\/\/xn--pongcityespaa-tkb.es\/#website\"},\"primaryImageOfPage\":{\"@id\":\"https:\/\/xn--pongcityespaa-tkb.es\/conocenos\/#primaryimage\"},\"image\":{\"@id\":\"https:\/\/xn--pongcityespaa-tkb.es\/conocenos\/#primaryimage\"},\"thumbnailUrl\":\"https:\/\/xn--pongcityespaa-tkb.es\/wp-content\/uploads\/foto-familia-1024x451.png\",\"datePublished\":\"2025-02-05T22:31:09+00:00\",\"dateModified\":\"2025-03-04T22:02:03+00:00\",\"breadcrumb\":{\"@id\":\"https:\/\/xn--pongcityespaa-tkb.es\/conocenos\/#breadcrumb\"},\"inLanguage\":\"en-US\",\"potentialAction\":[{\"@type\":\"ReadAction\",\"target\":[\"https:\/\/xn--pongcityespaa-tkb.es\/conocenos\/\"]}]},{\"@type\":\"ImageObject\",\"inLanguage\":\"en-US\",\"@id\":\"https:\/\/xn--pongcityespaa-tkb.es\/conocenos\/#primaryimage\",\"url\":\"https:\/\/xn--pongcityespaa-tkb.es\/wp-content\/uploads\/foto-familia-1024x451.png\",\"contentUrl\":\"https:\/\/xn--pongcityespaa-tkb.es\/wp-content\/uploads\/foto-familia-1024x451.png\"},{\"@type\":\"BreadcrumbList\",\"@id\":\"https:\/\/xn--pongcityespaa-tkb.es\/conocenos\/#breadcrumb\",\"itemListElement\":[{\"@type\":\"ListItem\",\"position\":1,\"name\":\"Inicio\",\"item\":\"https:\/\/xn--pongcityespaa-tkb.es\/\"},{\"@type\":\"ListItem\",\"position\":2,\"name\":\"Con\u00f3cenos\"}]},{\"@type\":\"WebSite\",\"@id\":\"https:\/\/xn--pongcityespaa-tkb.es\/#website\",\"url\":\"https:\/\/xn--pongcityespaa-tkb.es\/\",\"name\":\"Pong City\",\"description\":\"\",\"publisher\":{\"@id\":\"https:\/\/xn--pongcityespaa-tkb.es\/#organization\"},\"potentialAction\":[{\"@type\":\"SearchAction\",\"target\":{\"@type\":\"EntryPoint\",\"urlTemplate\":\"https:\/\/xn--pongcityespaa-tkb.es\/?s={search_term_string}\"},\"query-input\":{\"@type\":\"PropertyValueSpecification\",\"valueRequired\":true,\"valueName\":\"search_term_string\"}}],\"inLanguage\":\"en-US\"},{\"@type\":\"Organization\",\"@id\":\"https:\/\/xn--pongcityespaa-tkb.es\/#organization\",\"name\":\"Pong City\",\"url\":\"https:\/\/xn--pongcityespaa-tkb.es\/\",\"logo\":{\"@type\":\"ImageObject\",\"inLanguage\":\"en-US\",\"@id\":\"https:\/\/xn--pongcityespaa-tkb.es\/#\/schema\/logo\/image\/\",\"url\":\"https:\/\/xn--pongcityespaa-tkb.es\/wp-content\/uploads\/logo-pongcity-header.png\",\"contentUrl\":\"https:\/\/xn--pongcityespaa-tkb.es\/wp-content\/uploads\/logo-pongcity-header.png\",\"width\":284,\"height\":48,\"caption\":\"Pong City\"},\"image\":{\"@id\":\"https:\/\/xn--pongcityespaa-tkb.es\/#\/schema\/logo\/image\/\"}}]}<\/script>\n<!-- \/ Yoast SEO plugin. -->","yoast_head_json":{"title":"Con\u00f3cenos - Pong City","robots":{"index":"index","follow":"follow","max-snippet":"max-snippet:-1","max-image-preview":"max-image-preview:large","max-video-preview":"max-video-preview:-1"},"canonical":"https:\/\/xn--pongcityespaa-tkb.es\/en\/conocenos\/","og_locale":"en_US","og_type":"article","og_title":"Con\u00f3cenos - Pong City","og_description":"Con\u00f3cenos En Pongcity, el tenis de mesa es m\u00e1s que un deporte: es nuestra pasi\u00f3n y el motor que nos impulsa cada d\u00eda. \ud83c\udfaf Nuestra Misi\u00f3n Fomentar el tenis de mesa como un deporte accesible, formativo y competitivo, ofreciendo entrenamientos de calidad en un entorno que motive a la mejora continua y al disfrute del [&hellip;]","og_url":"https:\/\/xn--pongcityespaa-tkb.es\/en\/conocenos\/","og_site_name":"Pong City","article_modified_time":"2025-03-04T22:02:03+00:00","og_image":[{"width":1920,"height":845,"url":"https:\/\/xn--pongcityespaa-tkb.es\/wp-content\/uploads\/foto-familia.png","type":"image\/png"}],"twitter_card":"summary_large_image","schema":{"@context":"https:\/\/schema.org","@graph":[{"@type":"WebPage","@id":"https:\/\/xn--pongcityespaa-tkb.es\/conocenos\/","url":"https:\/\/xn--pongcityespaa-tkb.es\/conocenos\/","name":"Con\u00f3cenos - Pong City","isPartOf":{"@id":"https:\/\/xn--pongcityespaa-tkb.es\/#website"},"primaryImageOfPage":{"@id":"https:\/\/xn--pongcityespaa-tkb.es\/conocenos\/#primaryimage"},"image":{"@id":"https:\/\/xn--pongcityespaa-tkb.es\/conocenos\/#primaryimage"},"thumbnailUrl":"https:\/\/xn--pongcityespaa-tkb.es\/wp-content\/uploads\/foto-familia-1024x451.png","datePublished":"2025-02-05T22:31:09+00:00","dateModified":"2025-03-04T22:02:03+00:00","breadcrumb":{"@id":"https:\/\/xn--pongcityespaa-tkb.es\/conocenos\/#breadcrumb"},"inLanguage":"en-US","potentialAction":[{"@type":"ReadAction","target":["https:\/\/xn--pongcityespaa-tkb.es\/conocenos\/"]}]},{"@type":"ImageObject","inLanguage":"en-US","@id":"https:\/\/xn--pongcityespaa-tkb.es\/conocenos\/#primaryimage","url":"https:\/\/xn--pongcityespaa-tkb.es\/wp-content\/uploads\/foto-familia-1024x451.png","contentUrl":"https:\/\/xn--pongcityespaa-tkb.es\/wp-content\/uploads\/foto-familia-1024x451.png"},{"@type":"BreadcrumbList","@id":"https:\/\/xn--pongcityespaa-tkb.es\/conocenos\/#breadcrumb","itemListElement":[{"@type":"ListItem","position":1,"name":"Inicio","item":"https:\/\/xn--pongcityespaa-tkb.es\/"},{"@type":"ListItem","position":2,"name":"Con\u00f3cenos"}]},{"@type":"WebSite","@id":"https:\/\/xn--pongcityespaa-tkb.es\/#website","url":"https:\/\/xn--pongcityespaa-tkb.es\/","name":"Pong City","description":"","publisher":{"@id":"https:\/\/xn--pongcityespaa-tkb.es\/#organization"},"potentialAction":[{"@type":"SearchAction","target":{"@type":"EntryPoint","urlTemplate":"https:\/\/xn--pongcityespaa-tkb.es\/?s={search_term_string}"},"query-input":{"@type":"PropertyValueSpecification","valueRequired":true,"valueName":"search_term_string"}}],"inLanguage":"en-US"},{"@type":"Organization","@id":"https:\/\/xn--pongcityespaa-tkb.es\/#organization","name":"Pong City","url":"https:\/\/xn--pongcityespaa-tkb.es\/","logo":{"@type":"ImageObject","inLanguage":"en-US","@id":"https:\/\/xn--pongcityespaa-tkb.es\/#\/schema\/logo\/image\/","url":"https:\/\/xn--pongcityespaa-tkb.es\/wp-content\/uploads\/logo-pongcity-header.png","contentUrl":"https:\/\/xn--pongcityespaa-tkb.es\/wp-content\/uploads\/logo-pongcity-header.png","width":284,"height":48,"caption":"Pong City"},"image":{"@id":"https:\/\/xn--pongcityespaa-tkb.es\/#\/schema\/logo\/image\/"}}]}},"_links":{"self":[{"href":"https:\/\/xn--pongcityespaa-tkb.es\/en\/wp-json\/wp\/v2\/pages\/1829","targetHints":{"allow":["GET"]}}],"collection":[{"href":"https:\/\/xn--pongcityespaa-tkb.es\/en\/wp-json\/wp\/v2\/pages"}],"about":[{"href":"https:\/\/xn--pongcityespaa-tkb.es\/en\/wp-json\/wp\/v2\/types\/page"}],"author":[{"embeddable":true,"href":"https:\/\/xn--pongcityespaa-tkb.es\/en\/wp-json\/wp\/v2\/users\/1"}],"replies":[{"embeddable":true,"href":"https:\/\/xn--pongcityespaa-tkb.es\/en\/wp-json\/wp\/v2\/comments?post=1829"}],"version-history":[{"count":87,"href":"https:\/\/xn--pongcityespaa-tkb.es\/en\/wp-json\/wp\/v2\/pages\/1829\/revisions"}],"predecessor-version":[{"id":2623,"href":"https:\/\/xn--pongcityespaa-tkb.es\/en\/wp-json\/wp\/v2\/pages\/1829\/revisions\/2623"}],"wp:attachment":[{"href":"https:\/\/xn--pongcityespaa-tkb.es\/en\/wp-json\/wp\/v2\/media?parent=1829"}],"curies":[{"name":"wp","href":"https:\/\/api.w.org\/{rel}","templated":true}]}}